{"id":5,"date":"2014-07-21T15:36:16","date_gmt":"2014-07-21T15:36:16","guid":{"rendered":"http:\/\/www.aprofgeo.org\/wp\/?page_id=5"},"modified":"2020-01-19T11:54:47","modified_gmt":"2020-01-19T10:54:47","slug":"quem-somos","status":"publish","type":"page","link":"https:\/\/www.aprofgeo.org\/wp\/?page_id=5","title":{"rendered":"Quem Somos"},"content":{"rendered":"<p><strong>QUEM SOMOS?<\/strong><\/p>\n<p>Constitu\u00edda no dia 19 de outubro de 1987, a Associa\u00e7\u00e3o de Professores de Geografia, em prol de uma Educa\u00e7\u00e3o Geogr\u00e1fica em que o contributo de cada um \u00e9 fundamental, visa congregar esfor\u00e7os dos professores de Geografia no sentido de promover a sua atualiza\u00e7\u00e3o cient\u00edfica e pedag\u00f3gica, bem como, divulgar materiais de interesse para a disciplina.<\/p>\n<p>&nbsp;<\/p>\n<p><strong>BREVE HISTORIAL<\/strong><\/p>\n<p>A Associa\u00e7\u00e3o de Professores de Geografia foi criada na sequ\u00eancia do I Encontro Nacional de Professores de Geografia que decorreu em abril de 1987, na Escola Secund\u00e1ria da Amadora. Nesse evento, os cerca de 300 professores de Geografia participantes votaram, em larga maioria, na sua constitui\u00e7\u00e3o, bem como, nas linhas orientadoras dos estatutos.<\/p>\n<p>&nbsp;<\/p>\n<p>A primeira presidente da Dire\u00e7\u00e3o, Concei\u00e7\u00e3o Coelho Ferreira, exerceu a sua fun\u00e7\u00e3o at\u00e9 1994, data em que, por motivos familiares, deixou este cargo, sucedendo-lhe Em\u00edlia Sande Lemos que ocupou a posi\u00e7\u00e3o durante 24 anos. Em 2018, foi eleita como presidente Ana Cristina C\u00e2mara.<\/p>\n<p>&nbsp;<\/p>\n<p>A Associa\u00e7\u00e3o possui um Centro de Forma\u00e7\u00e3o de Professores creditado pelo Conselho Cient\u00edfico-Pedag\u00f3gico de Forma\u00e7\u00e3o Cont\u00ednua, o \u201cCentro de Forma\u00e7\u00e3o Professor Orlando Ribeiro\u201d, \u00e9 membro do Conselho Cient\u00edfico do IAVE e da Comiss\u00e3o Executiva da Comiss\u00e3o Nacional de Geografia, foi membro do Conselho Nacional de Educa\u00e7\u00e3o, durante um mandato, e organizou um Congresso internacional, na Madeira, para reestrutura\u00e7\u00e3o da EUROGEO, tendo Ana Cristina C\u00e2mara sido eleita como uma das vice-presidentes.<\/p>\n<p>&nbsp;<\/p>\n<p>Anualmente, a Associa\u00e7\u00e3o de Professores de Geografia \u00e9 respons\u00e1vel pela dinamiza\u00e7\u00e3o de um conjunto de a\u00e7\u00f5es de entre as quais se ressalvam: a realiza\u00e7\u00e3o de um Encontro Nacional e de um Semin\u00e1rio Nacional de Professores de Geografia; a divulga\u00e7\u00e3o junto das escolas de concursos para alunos e\/ou professores no \u00e2mbito das mais variadas tem\u00e1ticas; a realiza\u00e7\u00e3o de a\u00e7\u00f5es de forma\u00e7\u00e3o espec\u00edfica, abrangendo diferentes \u00e1reas do conhecimento (educa\u00e7\u00e3o ambiental, cidadania e desenvolvimento, riscos, ordenamento do territ\u00f3rio, etc) e metodologias did\u00e1ticas, relevantes para a valoriza\u00e7\u00e3o do ensino da geografia e para a promo\u00e7\u00e3o de uma cidadania territorial, de acordo com as \u00e1reas de compet\u00eancia do Perfil dos Alunos \u00e0 Sa\u00edda da Escolaridade Obrigat\u00f3ria; a elabora\u00e7\u00e3o de pareceres sobre as provas de avalia\u00e7\u00e3o externa (Provas de Aferi\u00e7\u00e3o e Exames Nacionais) e sobre documentos importantes para o ensino da Geografia, desde o pr\u00e9-escolar at\u00e9 ao ensino secund\u00e1rio. Sempre que necess\u00e1rio, recorremos e intervimos, ainda, junto do Minist\u00e9rio da Educa\u00e7\u00e3o e da Assembleia da Rep\u00fablica na defesa da educa\u00e7\u00e3o geogr\u00e1fica.<\/p>\n","protected":false},"excerpt":{"rendered":"<p>QUEM SOMOS? Constitu\u00edda no dia 19 de outubro de 1987, a Associa\u00e7\u00e3o de Professores de Geografia, em prol de uma Educa\u00e7\u00e3o Geogr\u00e1fica em que o contributo de cada um \u00e9 fundamental, visa congregar esfor\u00e7os dos professores de Geografia no sentido de promover a sua atualiza\u00e7\u00e3o cient\u00edfica e pedag\u00f3gica, bem como, divulgar materiais de interesse para<a class=\"moretag\" href=\"https:\/\/www.aprofgeo.org\/wp\/?page_id=5\"><span class=\"screen-reader-text\">Read more about Quem Somos<\/span>[&#8230;]<\/a><\/p>\n","protected":false},"author":1,"featured_media":0,"parent":0,"menu_order":0,"comment_status":"open","ping_status":"open","template":"","meta":{"ngg_post_thumbnail":0},"_links":{"self":[{"href":"https:\/\/www.aprofgeo.org\/wp\/index.php?rest_route=\/wp\/v2\/pages\/5"}],"collection":[{"href":"https:\/\/www.aprofgeo.org\/wp\/index.php?rest_route=\/wp\/v2\/pages"}],"about":[{"href":"https:\/\/www.aprofgeo.org\/wp\/index.php?rest_route=\/wp\/v2\/types\/page"}],"author":[{"embeddable":true,"href":"https:\/\/www.aprofgeo.org\/wp\/index.php?rest_route=\/wp\/v2\/users\/1"}],"replies":[{"embeddable":true,"href":"https:\/\/www.aprofgeo.org\/wp\/index.php?rest_route=%2Fwp%2Fv2%2Fcomments&post=5"}],"version-history":[{"count":16,"href":"https:\/\/www.aprofgeo.org\/wp\/index.php?rest_route=\/wp\/v2\/pages\/5\/revisions"}],"predecessor-version":[{"id":3188,"href":"https:\/\/www.aprofgeo.org\/wp\/index.php?rest_route=\/wp\/v2\/pages\/5\/revisions\/3188"}],"wp:attachment":[{"href":"https:\/\/www.aprofgeo.org\/wp\/index.php?rest_route=%2Fwp%2Fv2%2Fmedia&parent=5"}],"curies":[{"name":"wp","href":"https:\/\/api.w.org\/{rel}","templated":true}]}}