{"id":40,"date":"2014-07-22T01:01:39","date_gmt":"2014-07-22T00:01:39","guid":{"rendered":"http:\/\/www.aprofgeo.org\/wp\/?page_id=40"},"modified":"2023-10-13T17:48:09","modified_gmt":"2023-10-13T16:48:09","slug":"concursos","status":"publish","type":"page","link":"https:\/\/www.aprofgeo.org\/wp\/?page_id=40","title":{"rendered":"Concursos"},"content":{"rendered":"\t\t<div data-elementor-type=\"wp-page\" data-elementor-id=\"40\" class=\"elementor elementor-40\" data-elementor-settings=\"[]\">\n\t\t\t\t\t\t<div class=\"elementor-inner\">\n\t\t\t\t\t\t\t<div class=\"elementor-section-wrap\">\n\t\t\t\t\t\t\t<section class=\"elementor-section elementor-top-section elementor-element elementor-element-2489347a elementor-section-boxed elementor-section-height-default elementor-section-height-default\" data-id=\"2489347a\" data-element_type=\"section\">\n\t\t\t\t\t\t<div class=\"elementor-container elementor-column-gap-default\">\n\t\t\t\t\t\t\t<div class=\"elementor-row\">\n\t\t\t\t\t<div class=\"elementor-column elementor-col-100 elementor-top-column elementor-element elementor-element-513fe1f1\" data-id=\"513fe1f1\" data-element_type=\"column\">\n\t\t\t<div class=\"elementor-column-wrap elementor-element-populated\">\n\t\t\t\t\t\t\t<div class=\"elementor-widget-wrap\">\n\t\t\t\t\t\t<div class=\"elementor-element elementor-element-5567cf11 elementor-widget elementor-widget-text-editor\" data-id=\"5567cf11\" data-element_type=\"widget\" data-widget_type=\"text-editor.default\">\n\t\t\t\t<div class=\"elementor-widget-container\">\n\t\t\t\t\t<div class=\"elementor-text-editor elementor-clearfix\"><p><!-- wp:pdfemb\/pdf-embedder-viewer {\"pdfID\":2636,\"url\":\"https:\/\/www.aprofgeo.org\/wp\/wp-content\/uploads\/2023\/09\/5a-Edicao_mudancas_climaticas_regulamento.pdf\"} --><\/p>\n<p class=\"wp-block-pdfemb-pdf-embedder-viewer\"><a href=\"https:\/\/www.aprofgeo.org\/wp\/wp-content\/uploads\/2023\/09\/5a-Edicao_mudancas_climaticas_regulamento.pdf\" class=\"pdfemb-viewer\" style=\"\" data-width=\"max\" data-height=\"max\"  data-toolbar=\"bottom\" data-toolbar-fixed=\"off\">5\u00aa Edi\u00e7\u00e3o_mudan\u00e7as_clim\u00e1ticas_regulamento<br\/><\/a><\/p>\n<p class=\"wp-block-pdfemb-pdf-embedder-viewer\"><a style=\"font-family: var( --e-global-typography-text-font-family ), Sans-serif; background-color: #ffffff;\" href=\"https:\/\/forms.gle\/49o95AwJ9ewH2L1X7\">Formul\u00e1rio de inscri\u00e7\u00e3o online<\/a><\/p>\n<p><a href=\"http:\/\/www.cfpor.pt\/moodle30\/course\/view.php?id=123\" target=\"_blank\" rel=\"noopener\">Fa\u00e7a download do Regulamento por aqui<\/a><\/p>\n<p>\u00a0<\/p>\n<a href=\"https:\/\/www.aprofgeo.org\/wp\/wp-content\/uploads\/2023\/10\/5a-edicao_insustentabilidade_regulamento-1.pdf\" class=\"pdfemb-viewer\" style=\"\" data-width=\"max\" data-height=\"max\"  data-toolbar=\"bottom\" data-toolbar-fixed=\"off\">5\u00aa edi\u00e7\u00e3o_insustentabilidade_regulamento (1)<br\/><\/a>\n<p><!-- \/wp:paragraph --><\/p>\n<p><!-- wp:pdfemb\/pdf-embedder-viewer {\"pdfID\":2652,\"url\":\"https:\/\/www.aprofgeo.org\/wp\/wp-content\/uploads\/2023\/10\/5a-edicao_insustentabilidade_regulamento-1.pdf\"} --><\/p>\n<p class=\"wp-block-pdfemb-pdf-embedder-viewer\">\u00a0<\/p>\n<p><!-- \/wp:pdfemb\/pdf-embedder-viewer --><\/p>\n<p><!-- wp:paragraph --><\/p>\n<p><a href=\"https:\/\/forms.gle\/gVAaTxWyVTR5z1Uv9\" target=\"_blank\" rel=\"noreferrer noopener\">Formul\u00e1rio de inscri\u00e7\u00e3o online<\/a><\/p>\n<p><a href=\"http:\/\/www.cfpor.pt\/moodle30\/course\/view.php?id=123\" target=\"_blank\" rel=\"noopener\">Fa\u00e7a download do Regulamento por aqui<\/a><\/p>\n<p><!-- \/wp:paragraph --><\/p>\n<p><!-- wp:paragraph --><\/p>\n<p><!-- \/wp:paragraph --><\/p><\/div>\n\t\t\t\t<\/div>\n\t\t\t\t<\/div>\n\t\t\t\t<div class=\"elementor-element elementor-element-cbd4073 elementor-widget elementor-widget-text-editor\" data-id=\"cbd4073\" data-element_type=\"widget\" data-widget_type=\"text-editor.default\">\n\t\t\t\t<div class=\"elementor-widget-container\">\n\t\t\t\t\t<div class=\"elementor-text-editor elementor-clearfix\"><\/div>\n\t\t\t\t<\/div>\n\t\t\t\t<\/div>\n\t\t\t\t\t\t<\/div>\n\t\t\t\t\t<\/div>\n\t\t<\/div>\n\t\t\t\t\t\t\t\t<\/div>\n\t\t\t\t\t<\/div>\n\t\t<\/section>\n\t\t\t\t\t\t<\/div>\n\t\t\t\t\t\t<\/div>\n\t\t\t\t\t<\/div>\n\t\t","protected":false},"excerpt":{"rendered":"<p>Formul\u00e1rio de inscri\u00e7\u00e3o online Fa\u00e7a download do Regulamento por aqui<\/p>\n","protected":false},"author":1,"featured_media":0,"parent":0,"menu_order":0,"comment_status":"open","ping_status":"closed","template":"","meta":{"ngg_post_thumbnail":0},"_links":{"self":[{"href":"https:\/\/www.aprofgeo.org\/wp\/index.php?rest_route=\/wp\/v2\/pages\/40"}],"collection":[{"href":"https:\/\/www.aprofgeo.org\/wp\/index.php?rest_route=\/wp\/v2\/pages"}],"about":[{"href":"https:\/\/www.aprofgeo.org\/wp\/index.php?rest_route=\/wp\/v2\/types\/page"}],"author":[{"embeddable":true,"href":"https:\/\/www.aprofgeo.org\/wp\/index.php?rest_route=\/wp\/v2\/users\/1"}],"replies":[{"embeddable":true,"href":"https:\/\/www.aprofgeo.org\/wp\/index.php?rest_route=%2Fwp%2Fv2%2Fcomments&post=40"}],"version-history":[{"count":26,"href":"https:\/\/www.aprofgeo.org\/wp\/index.php?rest_route=\/wp\/v2\/pages\/40\/revisions"}],"predecessor-version":[{"id":2663,"href":"https:\/\/www.aprofgeo.org\/wp\/index.php?rest_route=\/wp\/v2\/pages\/40\/revisions\/2663"}],"wp:attachment":[{"href":"https:\/\/www.aprofgeo.org\/wp\/index.php?rest_route=%2Fwp%2Fv2%2Fmedia&parent=40"}],"curies":[{"name":"wp","href":"https:\/\/api.w.org\/{rel}","templated":true}]}}