{"id":36,"date":"2014-07-22T00:59:06","date_gmt":"2014-07-21T23:59:06","guid":{"rendered":"http:\/\/www.aprofgeo.org\/wp\/?page_id=36"},"modified":"2017-05-14T23:23:26","modified_gmt":"2017-05-14T22:23:26","slug":"eventos","status":"publish","type":"page","link":"https:\/\/www.aprofgeo.org\/wp\/?page_id=36","title":{"rendered":"Eventos"},"content":{"rendered":"<h2><span style=\"color: #0000ff;\"><strong>VIII CONGRESSO IB\u00c9RICO DE DID\u00c1TICA DA GEOGRAFIA\u00a0<\/strong><\/span><\/h2>\n<h2><span style=\"color: #0000ff;\"><strong>A Educa\u00e7\u00e3o Geogr\u00e1fica na Modernidade L\u00edquida<\/strong><\/span><\/h2>\n<h3>12 a 14 de Outubro de 2017<\/h3>\n<h3>Faculdade de Ci\u00eancias Sociais e Humanas da Universidade Nova de Lisboa<\/h3>\n<h3>Organiza\u00e7\u00e3o:<\/h3>\n<h3>Associa\u00e7\u00e3o de Professores de Geografia,<\/h3>\n<h3>Grupo de Did\u00e1tica da Associa\u00e7\u00e3o de Ge\u00f3grafos Espanh\u00f3is<\/h3>\n<h3>Departamento de Geografia e Planeamento Regional da UNL<\/h3>\n<h4>formul\u00e1rio de inscri\u00e7\u00e3o:<\/h4>\n<h4><a href=\"https:\/\/goo.gl\/forms\/r1OgOLdvWJsGu72T2\">https:\/\/goo.gl\/forms\/r1OgOLdvWJsGu72T2<\/a><\/h4>\n<h1>\u00a0Mais not\u00edcias em breve<\/h1>\n","protected":false},"excerpt":{"rendered":"<p>VIII CONGRESSO IB\u00c9RICO DE DID\u00c1TICA DA GEOGRAFIA\u00a0 A Educa\u00e7\u00e3o Geogr\u00e1fica na Modernidade L\u00edquida 12 a 14 de Outubro de 2017 Faculdade de Ci\u00eancias Sociais e Humanas da Universidade Nova de Lisboa Organiza\u00e7\u00e3o: Associa\u00e7\u00e3o de Professores de Geografia, Grupo de Did\u00e1tica da Associa\u00e7\u00e3o de Ge\u00f3grafos Espanh\u00f3is Departamento de Geografia e Planeamento Regional da UNL formul\u00e1rio de<a class=\"moretag\" href=\"https:\/\/www.aprofgeo.org\/wp\/?page_id=36\"><span class=\"screen-reader-text\">Read more about Eventos<\/span>[&#8230;]<\/a><\/p>\n","protected":false},"author":1,"featured_media":0,"parent":0,"menu_order":0,"comment_status":"open","ping_status":"open","template":"","meta":{"ngg_post_thumbnail":0},"_links":{"self":[{"href":"https:\/\/www.aprofgeo.org\/wp\/index.php?rest_route=\/wp\/v2\/pages\/36"}],"collection":[{"href":"https:\/\/www.aprofgeo.org\/wp\/index.php?rest_route=\/wp\/v2\/pages"}],"about":[{"href":"https:\/\/www.aprofgeo.org\/wp\/index.php?rest_route=\/wp\/v2\/types\/page"}],"author":[{"embeddable":true,"href":"https:\/\/www.aprofgeo.org\/wp\/index.php?rest_route=\/wp\/v2\/users\/1"}],"replies":[{"embeddable":true,"href":"https:\/\/www.aprofgeo.org\/wp\/index.php?rest_route=%2Fwp%2Fv2%2Fcomments&post=36"}],"version-history":[{"count":3,"href":"https:\/\/www.aprofgeo.org\/wp\/index.php?rest_route=\/wp\/v2\/pages\/36\/revisions"}],"predecessor-version":[{"id":906,"href":"https:\/\/www.aprofgeo.org\/wp\/index.php?rest_route=\/wp\/v2\/pages\/36\/revisions\/906"}],"wp:attachment":[{"href":"https:\/\/www.aprofgeo.org\/wp\/index.php?rest_route=%2Fwp%2Fv2%2Fmedia&parent=36"}],"curies":[{"name":"wp","href":"https:\/\/api.w.org\/{rel}","templated":true}]}}