{"id":1922,"date":"2020-04-08T11:41:28","date_gmt":"2020-04-08T10:41:28","guid":{"rendered":"http:\/\/www.aprofgeo.org\/wp\/?page_id=1922"},"modified":"2020-04-08T11:49:49","modified_gmt":"2020-04-08T10:49:49","slug":"outros-2","status":"publish","type":"page","link":"https:\/\/www.aprofgeo.org\/wp\/?page_id=1922","title":{"rendered":"Outros"},"content":{"rendered":"<a href=\"https:\/\/www.aprofgeo.org\/wp\/wp-content\/uploads\/2020\/04\/Posi\u00e7\u00e3o-APROFGEO-DL-55_2018-10julho.pdf\" class=\"pdfemb-viewer\" style=\"\" data-width=\"max\" data-height=\"max\"  data-toolbar=\"bottom\" data-toolbar-fixed=\"off\">Posi\u00e7\u00e3o-APROFGEO-DL-55_2018-10julho<br\/><\/a>\n<p class=\"wp-block-pdfemb-pdf-embedder-viewer\"><\/p>\n\n\n<a href=\"https:\/\/www.aprofgeo.org\/wp\/wp-content\/uploads\/2020\/04\/Reafirma\u00e7\u00e3o-da-Posi\u00e7\u00e3o-APROFGEO-DL-55_2018-18julho.pdf\" class=\"pdfemb-viewer\" style=\"\" data-width=\"max\" data-height=\"max\"  data-toolbar=\"bottom\" data-toolbar-fixed=\"off\">Reafirma\u00e7\u00e3o-da-Posi\u00e7\u00e3o-APROFGEO-DL-55_2018-18julho<br\/><\/a>\n<p class=\"wp-block-pdfemb-pdf-embedder-viewer\"><\/p>\n","protected":false},"excerpt":{"rendered":"","protected":false},"author":1,"featured_media":0,"parent":0,"menu_order":0,"comment_status":"closed","ping_status":"closed","template":"","meta":{"ngg_post_thumbnail":0},"_links":{"self":[{"href":"https:\/\/www.aprofgeo.org\/wp\/index.php?rest_route=\/wp\/v2\/pages\/1922"}],"collection":[{"href":"https:\/\/www.aprofgeo.org\/wp\/index.php?rest_route=\/wp\/v2\/pages"}],"about":[{"href":"https:\/\/www.aprofgeo.org\/wp\/index.php?rest_route=\/wp\/v2\/types\/page"}],"author":[{"embeddable":true,"href":"https:\/\/www.aprofgeo.org\/wp\/index.php?rest_route=\/wp\/v2\/users\/1"}],"replies":[{"embeddable":true,"href":"https:\/\/www.aprofgeo.org\/wp\/index.php?rest_route=%2Fwp%2Fv2%2Fcomments&post=1922"}],"version-history":[{"count":2,"href":"https:\/\/www.aprofgeo.org\/wp\/index.php?rest_route=\/wp\/v2\/pages\/1922\/revisions"}],"predecessor-version":[{"id":1928,"href":"https:\/\/www.aprofgeo.org\/wp\/index.php?rest_route=\/wp\/v2\/pages\/1922\/revisions\/1928"}],"wp:attachment":[{"href":"https:\/\/www.aprofgeo.org\/wp\/index.php?rest_route=%2Fwp%2Fv2%2Fmedia&parent=1922"}],"curies":[{"name":"wp","href":"https:\/\/api.w.org\/{rel}","templated":true}]}}