{"id":1697,"date":"2020-01-18T21:48:40","date_gmt":"2020-01-18T20:48:40","guid":{"rendered":"http:\/\/www.aprofgeo.org\/wp\/?page_id=1697"},"modified":"2025-02-21T15:24:15","modified_gmt":"2025-02-21T14:24:15","slug":"encontros","status":"publish","type":"page","link":"https:\/\/www.aprofgeo.org\/wp\/?page_id=1697","title":{"rendered":"Encontros"},"content":{"rendered":"\n<h1>XXXVI ENCONTRO NACIONAL DE PROFESSORES DE GEOGRAFIA<br>Mudan\u00e7a Clim\u00e1tica e desafios da sustentabilidade<br>Algarve. Recursos h\u00eddricos. Mitiga\u00e7\u00e3o e adapta\u00e7\u00e3o. Geografia<\/h1>\n\n\n\n<p>ATEN\u00c7\u00c3O | PRE\u00c7O ESPECIAL AT\u00c9 FINAL DE FEVEREIRO<\/p>\n\n\n\n<p>(celebra\u00e7\u00e3o do Dia da Geografia Nacional)<\/p>\n\n\n\n<p>Ficha de Inscri\u00e7\u00e3o&nbsp;<a href=\"https:\/\/forms.gle\/ccb5pRC4sH8JoA6J7\">https:\/\/forms.gle\/ccb5pRC4sH8JoA6J7<\/a><\/p>\n\n\n\n<p>Programa provis\u00f3rio&nbsp;<a href=\"https:\/\/www.cfpor.pt\/moodle30\/pluginfile.php\/21768\/mod_resource\/content\/5\/Programa%20provis%C3%B3rio4.pdf\" target=\"_blank\" rel=\"noreferrer noopener\">Programa provis\u00f3rio4.pdf<\/a><\/p>\n\n\n\n<figure class=\"wp-block-image size-large\"><a href=\"https:\/\/www.aprofgeo.org\/wp\/wp-content\/uploads\/2025\/02\/Captura-de-ecra-2025-02-19-111215-1.png\"><img decoding=\"async\" loading=\"lazy\" width=\"733\" height=\"1024\" src=\"https:\/\/www.aprofgeo.org\/wp\/wp-content\/uploads\/2025\/02\/Captura-de-ecra-2025-02-19-111215-1-733x1024.png\" alt=\"\" class=\"wp-image-2857\" srcset=\"https:\/\/www.aprofgeo.org\/wp\/wp-content\/uploads\/2025\/02\/Captura-de-ecra-2025-02-19-111215-1-733x1024.png 733w, https:\/\/www.aprofgeo.org\/wp\/wp-content\/uploads\/2025\/02\/Captura-de-ecra-2025-02-19-111215-1-215x300.png 215w, https:\/\/www.aprofgeo.org\/wp\/wp-content\/uploads\/2025\/02\/Captura-de-ecra-2025-02-19-111215-1-768x1073.png 768w, https:\/\/www.aprofgeo.org\/wp\/wp-content\/uploads\/2025\/02\/Captura-de-ecra-2025-02-19-111215-1.png 841w\" sizes=\"(max-width: 733px) 100vw, 733px\" \/><\/a><\/figure>\n","protected":false},"excerpt":{"rendered":"<p>XXXVI ENCONTRO NACIONAL DE PROFESSORES DE GEOGRAFIAMudan\u00e7a Clim\u00e1tica e desafios da sustentabilidadeAlgarve. Recursos h\u00eddricos. Mitiga\u00e7\u00e3o e adapta\u00e7\u00e3o. Geografia ATEN\u00c7\u00c3O | PRE\u00c7O ESPECIAL AT\u00c9 FINAL DE FEVEREIRO (celebra\u00e7\u00e3o do Dia da Geografia Nacional) Ficha de Inscri\u00e7\u00e3o&nbsp;https:\/\/forms.gle\/ccb5pRC4sH8JoA6J7 Programa provis\u00f3rio&nbsp;Programa provis\u00f3rio4.pdf<\/p>\n","protected":false},"author":1,"featured_media":0,"parent":0,"menu_order":0,"comment_status":"closed","ping_status":"closed","template":"","meta":{"ngg_post_thumbnail":0},"_links":{"self":[{"href":"https:\/\/www.aprofgeo.org\/wp\/index.php?rest_route=\/wp\/v2\/pages\/1697"}],"collection":[{"href":"https:\/\/www.aprofgeo.org\/wp\/index.php?rest_route=\/wp\/v2\/pages"}],"about":[{"href":"https:\/\/www.aprofgeo.org\/wp\/index.php?rest_route=\/wp\/v2\/types\/page"}],"author":[{"embeddable":true,"href":"https:\/\/www.aprofgeo.org\/wp\/index.php?rest_route=\/wp\/v2\/users\/1"}],"replies":[{"embeddable":true,"href":"https:\/\/www.aprofgeo.org\/wp\/index.php?rest_route=%2Fwp%2Fv2%2Fcomments&post=1697"}],"version-history":[{"count":2,"href":"https:\/\/www.aprofgeo.org\/wp\/index.php?rest_route=\/wp\/v2\/pages\/1697\/revisions"}],"predecessor-version":[{"id":2864,"href":"https:\/\/www.aprofgeo.org\/wp\/index.php?rest_route=\/wp\/v2\/pages\/1697\/revisions\/2864"}],"wp:attachment":[{"href":"https:\/\/www.aprofgeo.org\/wp\/index.php?rest_route=%2Fwp%2Fv2%2Fmedia&parent=1697"}],"curies":[{"name":"wp","href":"https:\/\/api.w.org\/{rel}","templated":true}]}}