{"id":1695,"date":"2020-01-18T21:48:40","date_gmt":"2020-01-18T20:48:40","guid":{"rendered":"http:\/\/www.aprofgeo.org\/wp\/?page_id=1695"},"modified":"2026-01-08T16:34:03","modified_gmt":"2026-01-08T15:34:03","slug":"docentes-em-mobilidade","status":"publish","type":"page","link":"https:\/\/www.aprofgeo.org\/wp\/?page_id=1695","title":{"rendered":"Docentes em Mobilidade"},"content":{"rendered":"<p style=\"text-align: left;\">No \u00e2mbito do protocolo de colabora\u00e7\u00e3o entre a Associa\u00e7\u00e3o de Professores de Geografia e o Minist\u00e9rio de Educa\u00e7\u00e3o, encontram-se em mobilidade tr\u00eas docentes (um em mobilidade total 100% e dois em mobilidade parcial 50%), cujo trabalho visa a valoriza\u00e7\u00e3o do ensino da Geografia no curr\u00edculo e na forma\u00e7\u00e3o do cidad\u00e3o, atrav\u00e9s da inova\u00e7\u00e3o e difus\u00e3o de boas pr\u00e1ticas, junto dos professores e das escolas.<\/p>\n","protected":false},"excerpt":{"rendered":"<p>No \u00e2mbito do protocolo de colabora\u00e7\u00e3o entre a Associa\u00e7\u00e3o de Professores de Geografia e o Minist\u00e9rio de Educa\u00e7\u00e3o, encontram-se em mobilidade tr\u00eas docentes (um em mobilidade total 100% e dois em mobilidade parcial 50%), cujo trabalho visa a valoriza\u00e7\u00e3o do ensino da Geografia no curr\u00edculo e na forma\u00e7\u00e3o do cidad\u00e3o, atrav\u00e9s da inova\u00e7\u00e3o e difus\u00e3o<a class=\"moretag\" href=\"https:\/\/www.aprofgeo.org\/wp\/?page_id=1695\"><span class=\"screen-reader-text\">Read more about Docentes em Mobilidade<\/span>[&#8230;]<\/a><\/p>\n","protected":false},"author":1,"featured_media":0,"parent":0,"menu_order":0,"comment_status":"closed","ping_status":"closed","template":"","meta":{"ngg_post_thumbnail":0},"_links":{"self":[{"href":"https:\/\/www.aprofgeo.org\/wp\/index.php?rest_route=\/wp\/v2\/pages\/1695"}],"collection":[{"href":"https:\/\/www.aprofgeo.org\/wp\/index.php?rest_route=\/wp\/v2\/pages"}],"about":[{"href":"https:\/\/www.aprofgeo.org\/wp\/index.php?rest_route=\/wp\/v2\/types\/page"}],"author":[{"embeddable":true,"href":"https:\/\/www.aprofgeo.org\/wp\/index.php?rest_route=\/wp\/v2\/users\/1"}],"replies":[{"embeddable":true,"href":"https:\/\/www.aprofgeo.org\/wp\/index.php?rest_route=%2Fwp%2Fv2%2Fcomments&post=1695"}],"version-history":[{"count":6,"href":"https:\/\/www.aprofgeo.org\/wp\/index.php?rest_route=\/wp\/v2\/pages\/1695\/revisions"}],"predecessor-version":[{"id":3183,"href":"https:\/\/www.aprofgeo.org\/wp\/index.php?rest_route=\/wp\/v2\/pages\/1695\/revisions\/3183"}],"wp:attachment":[{"href":"https:\/\/www.aprofgeo.org\/wp\/index.php?rest_route=%2Fwp%2Fv2%2Fmedia&parent=1695"}],"curies":[{"name":"wp","href":"https:\/\/api.w.org\/{rel}","templated":true}]}}