{"id":1675,"date":"2020-01-18T21:38:49","date_gmt":"2020-01-18T20:38:49","guid":{"rendered":"http:\/\/www.aprofgeo.org\/wp\/?page_id=1675"},"modified":"2023-08-31T12:30:26","modified_gmt":"2023-08-31T11:30:26","slug":"centro-de-formacao","status":"publish","type":"page","link":"https:\/\/www.aprofgeo.org\/wp\/?page_id=1675","title":{"rendered":"Centro de Forma\u00e7\u00e3o"},"content":{"rendered":"\n<p><a href=\"http:\/\/www.cfpor.pt\/moodle30\/course\/view.php?id=7\" data-type=\"URL\" data-id=\"http:\/\/www.cfpor.pt\/moodle30\/course\/view.php?id=7\" target=\"_blank\" rel=\"noreferrer noopener\">Planos de Forma\u00e7\u00e3o<\/a><\/p>\n\n\n\n<p><a href=\"https:\/\/sites.google.com\/view\/cfpor-oferta-formativa\/p%C3%A1gina-inicial\" data-type=\"URL\" data-id=\"https:\/\/sites.google.com\/view\/cfpor-oferta-formativa\/p%C3%A1gina-inicial\" target=\"_blank\" rel=\"noreferrer noopener\">Oferta Formativa <\/a><\/p>\n\n\n\n<p><a href=\"https:\/\/docs.google.com\/forms\/d\/e\/1FAIpQLSdjpnQa9l3BXkFZppxeX_e6kAyXA9hG9TXH63wl1o6Za4o-dg\/viewform\" data-type=\"URL\" data-id=\"https:\/\/docs.google.com\/forms\/d\/e\/1FAIpQLSdjpnQa9l3BXkFZppxeX_e6kAyXA9hG9TXH63wl1o6Za4o-dg\/viewform\" target=\"_blank\" rel=\"noreferrer noopener\">Ficha de inscri\u00e7\u00e3o<\/a><\/p>\n\n\n\n<p><\/p>\n\n\n\n<p><\/p>\n","protected":false},"excerpt":{"rendered":"<p>Planos de Forma\u00e7\u00e3o Oferta Formativa Ficha de inscri\u00e7\u00e3o<\/p>\n","protected":false},"author":1,"featured_media":0,"parent":0,"menu_order":0,"comment_status":"closed","ping_status":"closed","template":"","meta":{"ngg_post_thumbnail":0},"_links":{"self":[{"href":"https:\/\/www.aprofgeo.org\/wp\/index.php?rest_route=\/wp\/v2\/pages\/1675"}],"collection":[{"href":"https:\/\/www.aprofgeo.org\/wp\/index.php?rest_route=\/wp\/v2\/pages"}],"about":[{"href":"https:\/\/www.aprofgeo.org\/wp\/index.php?rest_route=\/wp\/v2\/types\/page"}],"author":[{"embeddable":true,"href":"https:\/\/www.aprofgeo.org\/wp\/index.php?rest_route=\/wp\/v2\/users\/1"}],"replies":[{"embeddable":true,"href":"https:\/\/www.aprofgeo.org\/wp\/index.php?rest_route=%2Fwp%2Fv2%2Fcomments&post=1675"}],"version-history":[{"count":17,"href":"https:\/\/www.aprofgeo.org\/wp\/index.php?rest_route=\/wp\/v2\/pages\/1675\/revisions"}],"predecessor-version":[{"id":2634,"href":"https:\/\/www.aprofgeo.org\/wp\/index.php?rest_route=\/wp\/v2\/pages\/1675\/revisions\/2634"}],"wp:attachment":[{"href":"https:\/\/www.aprofgeo.org\/wp\/index.php?rest_route=%2Fwp%2Fv2%2Fmedia&parent=1675"}],"curies":[{"name":"wp","href":"https:\/\/api.w.org\/{rel}","templated":true}]}}