{"id":1534,"date":"2019-10-03T08:48:15","date_gmt":"2019-10-03T07:48:15","guid":{"rendered":"http:\/\/www.aprofgeo.org\/wp\/?page_id=1534"},"modified":"2026-02-05T12:37:25","modified_gmt":"2026-02-05T11:37:25","slug":"quero-ser-socio","status":"publish","type":"page","link":"https:\/\/www.aprofgeo.org\/wp\/?page_id=1534","title":{"rendered":"Ser S\u00f3cio(a)"},"content":{"rendered":"<p>A Associa\u00e7\u00e3o de Professores de Geografia (APROFGEO) tem cerca de 1000 associados, professores de Geografia. Para ser s\u00f3cio, \u00e9 necess\u00e1rio o preenchimento de uma <strong>ficha de inscri\u00e7\u00e3o<\/strong> e o pagamento de uma quota anual no valor de <strong>40 \u20ac<\/strong> (valor aprovado na Assembleia Geral de S\u00f3cios de 25 de setembro de 2021). No momento da inscri\u00e7\u00e3o, acresce o pagamento adicional de uma <strong>joia \u00fanica<\/strong> de <strong>8\u20ac<\/strong>. A quota deve ser paga at\u00e9 ao final do m\u00eas de junho do pr\u00f3prio ano, em numer\u00e1rio ou atrav\u00e9s de transfer\u00eancia banc\u00e1ria. Para facilitar o procedimento, encontra-se dispon\u00edvel um formul\u00e1rio para <strong>Desconto Banc\u00e1rio Autom\u00e1tico por D\u00e9bito Direto<\/strong> \u2013 Caixa Geral de Dep\u00f3sitos.<\/p>\n<p><strong>\u00a0<\/strong><\/p>\n<p><strong>Vantagens de ser nosso associado ao inscrever-se como s\u00f3cio:<\/strong><\/p>\n<ul>\n<li>informa\u00e7\u00e3o atualizada e personalizada, em \u201cprimeira m\u00e3o\u201d, sobre todas as pol\u00edticas e projetos relativos \u00e0 EDUCA\u00c7\u00c3O GEOGR\u00c1FICA em Portugal;<\/li>\n<li>acesso antecipado aos pareceres elaborados pela Dire\u00e7\u00e3o sobre as Provas de Aferi\u00e7\u00e3o e Exames Nacionais e documentos de refer\u00eancia homologados, entre outros;<\/li>\n<li>desconto em todas os eventos organizados pela Associa\u00e7\u00e3o &#8211; A\u00e7\u00f5es de Forma\u00e7\u00e3o, Encontros e Semin\u00e1rios Nacionais, Congressos Ib\u00e9ricos de Professores de Geografia;<\/li>\n<li>apoio did\u00e1tico e descontos em todas as nossas iniciativas e\/ou de parceiros nossos;<\/li>\n<li><em>Newsletter<\/em> trimestral com sugest\u00e3o de recursos did\u00e1ticos;<\/li>\n<li>Revista APOGEO (semestral e digital);<\/li>\n<li>contributo para a defesa da Educa\u00e7\u00e3o Geogr\u00e1fica.<\/li>\n<\/ul>\n<p><a href=\"https:\/\/drive.google.com\/file\/d\/1xpQXDG4a_VZ9XHiWxcRBIRjzkNyXusk3\/view?usp=sharing\">Ficha de inscri\u00e7\u00e3o de S\u00f3cio(a) (PDF)<\/a><\/p>\n<p><a href=\"http:\/\/www.aprofgeo.org\/wp\/wp-content\/uploads\/2020\/06\/Modelo-autoriza\u00e7\u00e3o-D\u00e9bito.pdf\" target=\"_blank\" rel=\"noopener noreferrer\">Modelo Autoriza\u00e7\u00e3o de D\u00e9bito (PDF)<\/a><\/p>\n\n\n<p><\/p>\n","protected":false},"excerpt":{"rendered":"<p>A Associa\u00e7\u00e3o de Professores de Geografia (APROFGEO) tem cerca de 1000 associados, professores de Geografia. Para ser s\u00f3cio, \u00e9 necess\u00e1rio o preenchimento de uma ficha de inscri\u00e7\u00e3o e o pagamento de uma quota anual no valor de 40 \u20ac (valor aprovado na Assembleia Geral de S\u00f3cios de 25 de setembro de 2021). No momento da<a class=\"moretag\" href=\"https:\/\/www.aprofgeo.org\/wp\/?page_id=1534\"><span class=\"screen-reader-text\">Read more about Ser S\u00f3cio(a)<\/span>[&#8230;]<\/a><\/p>\n","protected":false},"author":1,"featured_media":0,"parent":0,"menu_order":0,"comment_status":"closed","ping_status":"closed","template":"","meta":{"ngg_post_thumbnail":0},"_links":{"self":[{"href":"https:\/\/www.aprofgeo.org\/wp\/index.php?rest_route=\/wp\/v2\/pages\/1534"}],"collection":[{"href":"https:\/\/www.aprofgeo.org\/wp\/index.php?rest_route=\/wp\/v2\/pages"}],"about":[{"href":"https:\/\/www.aprofgeo.org\/wp\/index.php?rest_route=\/wp\/v2\/types\/page"}],"author":[{"embeddable":true,"href":"https:\/\/www.aprofgeo.org\/wp\/index.php?rest_route=\/wp\/v2\/users\/1"}],"replies":[{"embeddable":true,"href":"https:\/\/www.aprofgeo.org\/wp\/index.php?rest_route=%2Fwp%2Fv2%2Fcomments&post=1534"}],"version-history":[{"count":16,"href":"https:\/\/www.aprofgeo.org\/wp\/index.php?rest_route=\/wp\/v2\/pages\/1534\/revisions"}],"predecessor-version":[{"id":3270,"href":"https:\/\/www.aprofgeo.org\/wp\/index.php?rest_route=\/wp\/v2\/pages\/1534\/revisions\/3270"}],"wp:attachment":[{"href":"https:\/\/www.aprofgeo.org\/wp\/index.php?rest_route=%2Fwp%2Fv2%2Fmedia&parent=1534"}],"curies":[{"name":"wp","href":"https:\/\/api.w.org\/{rel}","templated":true}]}}