{"id":1412,"date":"2019-07-08T17:16:09","date_gmt":"2019-07-08T16:16:09","guid":{"rendered":"http:\/\/www.aprofgeo.org\/wp\/?page_id=1412"},"modified":"2019-07-08T17:18:16","modified_gmt":"2019-07-08T16:18:16","slug":"e-books","status":"publish","type":"page","link":"https:\/\/www.aprofgeo.org\/wp\/?page_id=1412","title":{"rendered":"E-books"},"content":{"rendered":"<p><span lang=\"PT\">Uma excelente reflex\u00e3o, da autoria do Professor Pedro Cortes\u00e3o Casimiro (FCSH-NOVA), sobre as quest\u00f5es da geoprivacidade, da pegada digital e da vida <em>online<\/em> face \u00e0 banaliza\u00e7\u00e3o e generaliza\u00e7\u00e3o do uso dos <em>smartphones<\/em>.&nbsp; <\/span><\/p>\n<p><span lang=\"PT\">A Associa\u00e7\u00e3o de Professores de Geografia agradece por nos ter escolhido para publicar este <em>e-book<\/em>.&nbsp;<\/span><\/p>\n<p>Dispon\u00edvel para Download<\/p>\n<p><a href=\"http:\/\/www.aprofgeo.org\/wp\/wp-content\/uploads\/2019\/07\/Geoprivacidade.pdf\">Geoprivacidade<\/a><\/p>\n<p><a href=\"http:\/\/www.aprofgeo.org\/wp\/wp-content\/uploads\/2019\/07\/geop.png\"><img decoding=\"async\" loading=\"lazy\" class=\"wp-image-1394 aligncenter\" src=\"http:\/\/www.aprofgeo.org\/wp\/wp-content\/uploads\/2019\/07\/geop.png\" alt=\"\" width=\"324\" height=\"471\" srcset=\"https:\/\/www.aprofgeo.org\/wp\/wp-content\/uploads\/2019\/07\/geop.png 488w, https:\/\/www.aprofgeo.org\/wp\/wp-content\/uploads\/2019\/07\/geop-206x300.png 206w\" sizes=\"(max-width: 324px) 100vw, 324px\" \/><\/a><\/p>\n<p><a href=\"http:\/\/geoprivacidade.aprofgeo.pt\" target=\"_blank\" rel=\"noopener\">Flipbook<\/a><\/p>\n","protected":false},"excerpt":{"rendered":"<p>Uma excelente reflex\u00e3o, da autoria do Professor Pedro Cortes\u00e3o Casimiro (FCSH-NOVA), sobre as quest\u00f5es da geoprivacidade, da pegada digital e da vida online face \u00e0 banaliza\u00e7\u00e3o e generaliza\u00e7\u00e3o do uso dos smartphones.&nbsp; A Associa\u00e7\u00e3o de Professores de Geografia agradece por nos ter escolhido para publicar este e-book.&nbsp; Dispon\u00edvel para Download Geoprivacidade Flipbook<\/p>\n","protected":false},"author":1,"featured_media":0,"parent":0,"menu_order":0,"comment_status":"closed","ping_status":"closed","template":"","meta":{"ngg_post_thumbnail":0},"_links":{"self":[{"href":"https:\/\/www.aprofgeo.org\/wp\/index.php?rest_route=\/wp\/v2\/pages\/1412"}],"collection":[{"href":"https:\/\/www.aprofgeo.org\/wp\/index.php?rest_route=\/wp\/v2\/pages"}],"about":[{"href":"https:\/\/www.aprofgeo.org\/wp\/index.php?rest_route=\/wp\/v2\/types\/page"}],"author":[{"embeddable":true,"href":"https:\/\/www.aprofgeo.org\/wp\/index.php?rest_route=\/wp\/v2\/users\/1"}],"replies":[{"embeddable":true,"href":"https:\/\/www.aprofgeo.org\/wp\/index.php?rest_route=%2Fwp%2Fv2%2Fcomments&post=1412"}],"version-history":[{"count":2,"href":"https:\/\/www.aprofgeo.org\/wp\/index.php?rest_route=\/wp\/v2\/pages\/1412\/revisions"}],"predecessor-version":[{"id":1417,"href":"https:\/\/www.aprofgeo.org\/wp\/index.php?rest_route=\/wp\/v2\/pages\/1412\/revisions\/1417"}],"wp:attachment":[{"href":"https:\/\/www.aprofgeo.org\/wp\/index.php?rest_route=%2Fwp%2Fv2%2Fmedia&parent=1412"}],"curies":[{"name":"wp","href":"https:\/\/api.w.org\/{rel}","templated":true}]}}